{"id":14,"date":"2023-10-05T09:22:57","date_gmt":"2023-10-05T09:22:57","guid":{"rendered":"https:\/\/finatem.com\/?page_id=14"},"modified":"2026-02-17T15:28:18","modified_gmt":"2026-02-17T15:28:18","slug":"portfolio","status":"publish","type":"page","link":"https:\/\/finatem.com\/en\/portfolio\/","title":{"rendered":"Portfolio"},"content":{"rendered":"<div data-elementor-type=\"wp-page\" data-elementor-id=\"14\" class=\"elementor elementor-14\">\n\t\t\t\t<div class=\"elementor-element elementor-element-2015aba e-flex e-con-boxed e-con e-parent\" data-id=\"2015aba\" data-element_type=\"container\" data-e-type=\"container\">\n\t\t\t\t\t<div class=\"e-con-inner\">\n\t\t\t\t<div class=\"elementor-element elementor-element-7e7f37c animated-slow elementor-invisible elementor-widget elementor-widget-heading\" data-id=\"7e7f37c\" data-element_type=\"widget\" data-e-type=\"widget\" data-settings=\"{&quot;_animation&quot;:&quot;fadeIn&quot;}\" data-widget_type=\"heading.default\">\n\t\t\t\t<div class=\"elementor-widget-container\">\n\t\t\t\t\t<h2 class=\"elementor-heading-title elementor-size-default\">Current Investments<\/h2>\t\t\t\t<\/div>\n\t\t\t\t<\/div>\n\t\t\t\t\t<\/div>\n\t\t\t\t<\/div>\n\t\t<div class=\"elementor-element elementor-element-d72fd20 animated-slow e-flex e-con-boxed elementor-invisible e-con e-parent\" data-id=\"d72fd20\" data-element_type=\"container\" data-e-type=\"container\" data-settings=\"{&quot;animation&quot;:&quot;fadeIn&quot;}\">\n\t\t\t\t\t<div class=\"e-con-inner\">\n\t\t<div class=\"elementor-element elementor-element-a1a45b8 e-con-full e-flex e-con e-child\" data-id=\"a1a45b8\" data-element_type=\"container\" data-e-type=\"container\">\n\t\t\t\t<div class=\"elementor-element elementor-element-b672abf elementor-widget__width-initial animated-slow elementor-position-top elementor-invisible elementor-widget elementor-widget-image-box\" data-id=\"b672abf\" data-element_type=\"widget\" data-e-type=\"widget\" data-settings=\"{&quot;_animation&quot;:&quot;fadeIn&quot;}\" data-widget_type=\"image-box.default\">\n\t\t\t\t<div class=\"elementor-widget-container\">\n\t\t\t\t\t<div class=\"elementor-image-box-wrapper\"><figure class=\"elementor-image-box-img\"><a href=\"https:\/\/www.foodandservice.de\" target=\"_blank\" tabindex=\"-1\"><img fetchpriority=\"high\" decoding=\"async\" width=\"550\" height=\"350\" src=\"https:\/\/finatem.com\/wp-content\/uploads\/2023\/10\/csm_TGT_5462_fc42e438be.jpg\" class=\"attachment-large size-large wp-image-96\" alt=\"\" srcset=\"https:\/\/finatem.com\/wp-content\/uploads\/2023\/10\/csm_TGT_5462_fc42e438be.jpg 550w, https:\/\/finatem.com\/wp-content\/uploads\/2023\/10\/csm_TGT_5462_fc42e438be-300x191.jpg 300w\" sizes=\"(max-width: 550px) 100vw, 550px\" \/><\/a><\/figure><div class=\"elementor-image-box-content\"><h2 class=\"elementor-image-box-title\"><a href=\"https:\/\/www.foodandservice.de\" target=\"_blank\">Food &amp; Service Group<\/a><\/h2><p class=\"elementor-image-box-description\">Delivery wholesale of food and non-food items with focus on snack bars<\/p><\/div><\/div>\t\t\t\t<\/div>\n\t\t\t\t<\/div>\n\t\t\t\t<\/div>\n\t\t<div class=\"elementor-element elementor-element-965143c e-con-full e-flex e-con e-child\" data-id=\"965143c\" data-element_type=\"container\" data-e-type=\"container\">\n\t\t\t\t<div class=\"elementor-element elementor-element-c58e32a elementor-widget__width-initial animated-slow elementor-position-top elementor-invisible elementor-widget elementor-widget-image-box\" data-id=\"c58e32a\" data-element_type=\"widget\" data-e-type=\"widget\" data-settings=\"{&quot;_animation&quot;:&quot;fadeIn&quot;,&quot;_animation_delay&quot;:0}\" data-widget_type=\"image-box.default\">\n\t\t\t\t<div class=\"elementor-widget-container\">\n\t\t\t\t\t<div class=\"elementor-image-box-wrapper\"><figure class=\"elementor-image-box-img\"><a href=\"https:\/\/www.gftgotha.de\" target=\"_blank\" tabindex=\"-1\"><img decoding=\"async\" width=\"550\" height=\"350\" src=\"https:\/\/finatem.com\/wp-content\/uploads\/2023\/10\/csm_GFT_N1_018ff43e34.jpg\" class=\"attachment-full size-full wp-image-91\" alt=\"\" srcset=\"https:\/\/finatem.com\/wp-content\/uploads\/2023\/10\/csm_GFT_N1_018ff43e34.jpg 550w, https:\/\/finatem.com\/wp-content\/uploads\/2023\/10\/csm_GFT_N1_018ff43e34-300x191.jpg 300w\" sizes=\"(max-width: 550px) 100vw, 550px\" \/><\/a><\/figure><div class=\"elementor-image-box-content\"><h3 class=\"elementor-image-box-title\"><a href=\"https:\/\/www.gftgotha.de\" target=\"_blank\">GFT Gothaer Fahrzeugtechnik<\/a><\/h3><p class=\"elementor-image-box-description\">Production of lattice boom sytems and system critical crane components<\/p><\/div><\/div>\t\t\t\t<\/div>\n\t\t\t\t<\/div>\n\t\t\t\t<\/div>\n\t\t<div class=\"elementor-element elementor-element-f3e1338 e-con-full e-flex e-con e-child\" data-id=\"f3e1338\" data-element_type=\"container\" data-e-type=\"container\">\n\t\t\t\t<div class=\"elementor-element elementor-element-b8fee4a elementor-widget__width-initial animated-slow elementor-position-top elementor-invisible elementor-widget elementor-widget-image-box\" data-id=\"b8fee4a\" data-element_type=\"widget\" data-e-type=\"widget\" data-settings=\"{&quot;_animation&quot;:&quot;fadeIn&quot;}\" data-widget_type=\"image-box.default\">\n\t\t\t\t<div class=\"elementor-widget-container\">\n\t\t\t\t\t<div class=\"elementor-image-box-wrapper\"><figure class=\"elementor-image-box-img\"><a href=\"https:\/\/www.hkm-sports.com\" target=\"_blank\" tabindex=\"-1\"><img decoding=\"async\" width=\"550\" height=\"350\" src=\"https:\/\/finatem.com\/wp-content\/uploads\/2023\/10\/csm_HKM_1_296100e0c1.jpg\" class=\"attachment-full size-full wp-image-93\" alt=\"\" srcset=\"https:\/\/finatem.com\/wp-content\/uploads\/2023\/10\/csm_HKM_1_296100e0c1.jpg 550w, https:\/\/finatem.com\/wp-content\/uploads\/2023\/10\/csm_HKM_1_296100e0c1-300x191.jpg 300w\" sizes=\"(max-width: 550px) 100vw, 550px\" \/><\/a><\/figure><div class=\"elementor-image-box-content\"><h3 class=\"elementor-image-box-title\"><a href=\"https:\/\/www.hkm-sports.com\" target=\"_blank\">HKM Sports Equipment<\/a><\/h3><p class=\"elementor-image-box-description\">Distribution of proprietary full-range equestrian product assortment<\/p><\/div><\/div>\t\t\t\t<\/div>\n\t\t\t\t<\/div>\n\t\t\t\t<\/div>\n\t\t<div class=\"elementor-element elementor-element-3bfcceb e-con-full e-flex e-con e-child\" data-id=\"3bfcceb\" data-element_type=\"container\" data-e-type=\"container\">\n\t\t\t\t<div class=\"elementor-element elementor-element-54fb96d elementor-widget__width-initial animated-slow elementor-position-top elementor-invisible elementor-widget elementor-widget-image-box\" data-id=\"54fb96d\" data-element_type=\"widget\" data-e-type=\"widget\" data-settings=\"{&quot;_animation&quot;:&quot;fadeIn&quot;,&quot;_animation_delay&quot;:0}\" data-widget_type=\"image-box.default\">\n\t\t\t\t<div class=\"elementor-widget-container\">\n\t\t\t\t\t<div class=\"elementor-image-box-wrapper\"><figure class=\"elementor-image-box-img\"><a href=\"https:\/\/www.hgears.com\" target=\"_blank\" tabindex=\"-1\"><img loading=\"lazy\" decoding=\"async\" width=\"550\" height=\"350\" src=\"https:\/\/finatem.com\/wp-content\/uploads\/2023\/10\/csm_hgears01_27d67bc52f.jpg\" class=\"attachment-full size-full wp-image-92\" alt=\"\" srcset=\"https:\/\/finatem.com\/wp-content\/uploads\/2023\/10\/csm_hgears01_27d67bc52f.jpg 550w, https:\/\/finatem.com\/wp-content\/uploads\/2023\/10\/csm_hgears01_27d67bc52f-300x191.jpg 300w\" sizes=\"(max-width: 550px) 100vw, 550px\" \/><\/a><\/figure><div class=\"elementor-image-box-content\"><h3 class=\"elementor-image-box-title\"><a href=\"https:\/\/www.hgears.com\" target=\"_blank\">hGears<\/a><\/h3><p class=\"elementor-image-box-description\">Development and production of high precision gears and components with focus on e-mobility, e-bikes and professional e-tools<\/p><\/div><\/div>\t\t\t\t<\/div>\n\t\t\t\t<\/div>\n\t\t\t\t<\/div>\n\t\t<div class=\"elementor-element elementor-element-191d0c1 e-con-full e-flex e-con e-child\" data-id=\"191d0c1\" data-element_type=\"container\" data-e-type=\"container\">\n\t\t\t\t<\/div>\n\t\t\t\t\t<\/div>\n\t\t\t\t<\/div>\n\t\t<div class=\"elementor-element elementor-element-ba8b4fd e-flex e-con-boxed e-con e-parent\" data-id=\"ba8b4fd\" data-element_type=\"container\" data-e-type=\"container\">\n\t\t\t\t\t<div class=\"e-con-inner\">\n\t\t\t\t\t<\/div>\n\t\t\t\t<\/div>\n\t\t<div class=\"elementor-element elementor-element-eb2bb04 e-flex e-con-boxed e-con e-parent\" data-id=\"eb2bb04\" data-element_type=\"container\" data-e-type=\"container\">\n\t\t\t\t\t<div class=\"e-con-inner\">\n\t\t\t\t<div class=\"elementor-element elementor-element-0ba8870 animated-slow elementor-invisible elementor-widget elementor-widget-heading\" data-id=\"0ba8870\" data-element_type=\"widget\" data-e-type=\"widget\" data-settings=\"{&quot;_animation&quot;:&quot;fadeIn&quot;}\" data-widget_type=\"heading.default\">\n\t\t\t\t<div class=\"elementor-widget-container\">\n\t\t\t\t\t<h2 class=\"elementor-heading-title elementor-size-default\">Former Investments<\/h2>\t\t\t\t<\/div>\n\t\t\t\t<\/div>\n\t\t\t\t\t<\/div>\n\t\t\t\t<\/div>\n\t\t<div class=\"elementor-element elementor-element-e2cab27 animated-slow e-flex e-con-boxed elementor-invisible e-con e-parent\" data-id=\"e2cab27\" data-element_type=\"container\" data-e-type=\"container\" data-settings=\"{&quot;animation&quot;:&quot;fadeIn&quot;}\">\n\t\t\t\t\t<div class=\"e-con-inner\">\n\t\t<div class=\"elementor-element elementor-element-f66639b e-con-full e-flex e-con e-child\" data-id=\"f66639b\" data-element_type=\"container\" data-e-type=\"container\">\n\t\t\t\t<div class=\"elementor-element elementor-element-6746bad elementor-widget elementor-widget-text-editor\" data-id=\"6746bad\" data-element_type=\"widget\" data-e-type=\"widget\" data-widget_type=\"text-editor.default\">\n\t\t\t\t<div class=\"elementor-widget-container\">\n\t\t\t\t\t\t\t\t\t<div><div><div><div><div><p><strong>GfS &#8211; Gesellschaft f\u00fcr Strassenunterhaltung<\/strong><\/p><p>Technical services related to steel protection systems and traffic safety<\/p><p>\u00a0<\/p><p><strong>Mungo Befestigungstechnik<\/strong><\/p><p><span style=\"font-family: Roboto, sans-serif; font-size: 14px; font-style: normal; font-variant-ligatures: normal; font-variant-caps: normal; font-weight: 400; text-align: center; white-space-collapse: preserve;\">Development and international sale of fastening technology products for the construction industry<\/span><\/p><p>\u00a0<\/p><div><strong style=\"font-size: 14px; color: var( --e-global-color-text ); text-align: var(--text-align);\">Schollenberger Kampfmittelbergung\u00a0<\/strong><\/div><p>Civil explosive ordnance detection and recovery<\/p><p>\u00a0<\/p><\/div><\/div><\/div><\/div><\/div><div><div><div><div><div><p><strong>WST Pr\u00e4zisionstechnik\u00a0<\/strong><\/p><p>Manufacturing and distribution of precision turning parts for the automotive, gear manufacturing, drive\/hydraulics and electronic engineering<\/p><p>\u00a0<\/p><\/div><\/div><\/div><\/div><\/div><div><div><div><div><div><p><strong>DataWerks\u00a0<\/strong><\/p><p>Development and sale of Big Data analytics software<\/p><p>\u00a0<\/p><\/div><\/div><\/div><\/div><\/div><div><div><div><div><div><p><strong>TechnoPhysik\u00a0<\/strong><\/p><\/div><\/div><\/div><\/div><div><div><div><div><p>Manufacturing and distribution of thermal lagging materials and fire protection products<\/p><p>\u00a0<\/p><\/div><\/div><\/div><\/div><\/div><div><div><div><div><div><p><strong>Licht|basis<\/strong><\/p><\/div><\/div><\/div><\/div><div><div><div><div><p>Distribution of lamps and luminaires as well as complementary lighting planning and consulting for professional clients<\/p><p>\u00a0<\/p><\/div><\/div><\/div><\/div><\/div><div><div><div><div><div><p><strong>Schwinn<\/strong><\/p><\/div><\/div><\/div><\/div><div><div><div><div><p>Design, production and distribution of decorative furniture fittings made of die-cast metal and plastics<\/p><p>\u00a0<\/p><\/div><\/div><\/div><\/div><\/div><div><div><div><div><div><p><strong>B\u00e4rbel Drexel<\/strong><\/p><\/div><\/div><\/div><\/div><div><div><div><div><p>Development, production and distribution of natural cosmetics and nutrition supplements; distribution of semi-precious stonesohn-accessoires<\/p><p>\u00a0<\/p><\/div><\/div><\/div><\/div><\/div><div><div><div><div><div><p><strong>Obernd\u00f6rfer Pr\u00e4zisionsteile<\/strong><\/p><\/div><\/div><\/div><\/div><div><div><div><div><p>Manufacturing and distribution of high precision turned and milled parts for common rail injection systems and steering systems in the automotive sector<\/p><\/div><\/div><\/div><\/div><\/div>\t\t\t\t\t\t\t\t<\/div>\n\t\t\t\t<\/div>\n\t\t\t\t<\/div>\n\t\t<div class=\"elementor-element elementor-element-3974e85 e-con-full e-flex e-con e-child\" data-id=\"3974e85\" data-element_type=\"container\" data-e-type=\"container\">\n\t\t\t\t<div class=\"elementor-element elementor-element-ff74132 elementor-widget elementor-widget-text-editor\" data-id=\"ff74132\" data-element_type=\"widget\" data-e-type=\"widget\" data-widget_type=\"text-editor.default\">\n\t\t\t\t<div class=\"elementor-widget-container\">\n\t\t\t\t\t\t\t\t\t<div><div style=\"font-variant-ligatures: normal; font-variant-caps: normal; font-family: Roboto, sans-serif; font-size: 14px; font-style: normal; font-weight: 400;\"><div style=\"font-size: 14px;\"><div style=\"font-size: 14px;\"><div style=\"font-size: 14px;\"><p style=\"font-size: 14px;\"><span style=\"font-size: 14px; font-weight: 600;\">Mecanindus Vogelsang<\/span><\/p><p style=\"font-size: 14px;\">Design, production and distribution of metal fasteners, components for suspension and safety systems<\/p><\/div><\/div><\/div><\/div><\/div><div><div><div><div><div>\u00a0<\/div><div><strong style=\"font-size: 14px; color: var( --e-global-color-text ); text-align: var(--text-align);\">FMW\u00a0<\/strong><\/div><\/div><\/div><\/div><\/div><div><div><div><div><div><p>Construction of turnkey projects involving materials handling with an emphasis on the pulp &amp; paper industry, the biomass industry and minerals technology<\/p><p>\u00a0<\/p><\/div><\/div><\/div><\/div><\/div><div><div><div><div><div><p><strong>J&amp;S Automotive<\/strong><\/p><\/div><\/div><\/div><\/div><div><div><div><div><p>Design, production and distribution of safety components, heat shield systems, welding assemblies and assembly\/fixing components for the automobile manufacturing and auto parts industry.<\/p><p>\u00a0<\/p><\/div><\/div><\/div><\/div><\/div><div><div><div><div><div><p><strong>Derby Cycle<\/strong><\/p><\/div><\/div><\/div><\/div><div><div><div><div><p>Design, assembly, and sale of bicycles, in particular through specialist bicycle retailers in Germany and Europe<\/p><\/div><\/div><\/div><\/div><\/div><div><div><div><div><div><p>\u00a0<\/p><p><strong>Steudle<\/strong><\/p><\/div><\/div><\/div><\/div><div><div><div><div><p>Development and production of electrical contacts, precision-stamped parts, technical plastic parts, plastic-coated precision-stamped parts and subassemblies<\/p><\/div><\/div><\/div><\/div><\/div><div><div><div><div><div><div><div><div><div><p>\u00a0<\/p><p><strong>DNZ &#8211; Deutsche Notrufzentralen und Sicherheitsdienste<\/strong><\/p><\/div><\/div><\/div><\/div><div><div><div><div><p>DNZ Group provides full scope security services including guarding, beat patrol, alarm centre connections (ACC), reception services and facility management services<\/p><\/div><\/div><\/div><\/div><p>\u00a0<\/p><p><strong>MBB Liftsystems<\/strong><\/p><\/div><\/div><\/div><\/div><div><div><div><div><p>Lifting platforms and conveying technology<\/p><\/div><\/div><\/div><\/div><\/div><div><div><div><div><div><p>\u00a0<\/p><p><strong style=\"font-size: 14px; color: var( --e-global-color-text ); text-align: var(--text-align);\">H\u00fcgel Gutbrod<\/strong><\/p><\/div><\/div><\/div><\/div><\/div><div><div><div><div><div><p>Supplier Automotive<\/p><\/div><\/div><\/div><\/div><\/div><div><div><div><div><div><p>\u00a0<\/p><p><strong>Towntalker Media<\/strong><\/p><\/div><\/div><\/div><\/div><div><div><div><div><p>Provider of out-of-home media services<\/p><\/div><\/div><\/div><\/div><\/div>\t\t\t\t\t\t\t\t<\/div>\n\t\t\t\t<\/div>\n\t\t\t\t<\/div>\n\t\t\t\t\t<\/div>\n\t\t\t\t<\/div>\n\t\t\t\t<\/div>","protected":false},"excerpt":{"rendered":"<p>Aktuelle Beteiligungen Food &amp; Service Group Zustellgro\u00dfhandel von Food- und Non-Food Artikeln mit Fokus auf Schnellgastronomie GFT Gothaer Fahrzeugtechnik Produktion von Auslegersystemen und sicherheitsrelevanten Krankomponenten HKM Sports Equipment Vertrieb eines eigenen Reitsport-Vollsortiments hGears Entwicklung und Produktion von hochpr\u00e4zisen Antriebskomponenten mit Fokus auf E-Mobilit\u00e4t, E-Bikes und professionelle Elektrowerkzeuge Ehemalige Beteiligungen GfS &#8211; Gesellschaft f\u00fcr Strassenunterhaltung Technische [&hellip;]<\/p>\n","protected":false},"author":1,"featured_media":0,"parent":0,"menu_order":0,"comment_status":"closed","ping_status":"closed","template":"","meta":{"ocean_post_layout":"full-screen","ocean_both_sidebars_style":"","ocean_both_sidebars_content_width":0,"ocean_both_sidebars_sidebars_width":0,"ocean_sidebar":"","ocean_second_sidebar":"","ocean_disable_margins":"enable","ocean_add_body_class":"","ocean_shortcode_before_top_bar":"","ocean_shortcode_after_top_bar":"","ocean_shortcode_before_header":"","ocean_shortcode_after_header":"","ocean_has_shortcode":"","ocean_shortcode_after_title":"","ocean_shortcode_before_footer_widgets":"","ocean_shortcode_after_footer_widgets":"","ocean_shortcode_before_footer_bottom":"","ocean_shortcode_after_footer_bottom":"","ocean_display_top_bar":"off","ocean_display_header":"default","ocean_header_style":"","ocean_center_header_left_menu":"","ocean_custom_header_template":"","ocean_custom_logo":0,"ocean_custom_retina_logo":0,"ocean_custom_logo_max_width":0,"ocean_custom_logo_tablet_max_width":0,"ocean_custom_logo_mobile_max_width":0,"ocean_custom_logo_max_height":0,"ocean_custom_logo_tablet_max_height":0,"ocean_custom_logo_mobile_max_height":0,"ocean_header_custom_menu":"","ocean_menu_typo_font_family":"","ocean_menu_typo_font_subset":"","ocean_menu_typo_font_size":0,"ocean_menu_typo_font_size_tablet":0,"ocean_menu_typo_font_size_mobile":0,"ocean_menu_typo_font_size_unit":"px","ocean_menu_typo_font_weight":"","ocean_menu_typo_font_weight_tablet":"","ocean_menu_typo_font_weight_mobile":"","ocean_menu_typo_transform":"","ocean_menu_typo_transform_tablet":"","ocean_menu_typo_transform_mobile":"","ocean_menu_typo_line_height":0,"ocean_menu_typo_line_height_tablet":0,"ocean_menu_typo_line_height_mobile":0,"ocean_menu_typo_line_height_unit":"","ocean_menu_typo_spacing":0,"ocean_menu_typo_spacing_tablet":0,"ocean_menu_typo_spacing_mobile":0,"ocean_menu_typo_spacing_unit":"","ocean_menu_link_color":"","ocean_menu_link_color_hover":"","ocean_menu_link_color_active":"","ocean_menu_link_background":"","ocean_menu_link_hover_background":"","ocean_menu_link_active_background":"","ocean_menu_social_links_bg":"","ocean_menu_social_hover_links_bg":"","ocean_menu_social_links_color":"","ocean_menu_social_hover_links_color":"","ocean_disable_title":"on","ocean_disable_heading":"default","ocean_post_title":"","ocean_post_subheading":"","ocean_post_title_style":"","ocean_post_title_background_color":"","ocean_post_title_background":0,"ocean_post_title_bg_image_position":"","ocean_post_title_bg_image_attachment":"","ocean_post_title_bg_image_repeat":"","ocean_post_title_bg_image_size":"","ocean_post_title_height":0,"ocean_post_title_bg_overlay":0.5,"ocean_post_title_bg_overlay_color":"","ocean_disable_breadcrumbs":"default","ocean_breadcrumbs_color":"","ocean_breadcrumbs_separator_color":"","ocean_breadcrumbs_links_color":"","ocean_breadcrumbs_links_hover_color":"","ocean_display_footer_widgets":"off","ocean_display_footer_bottom":"off","ocean_custom_footer_template":"","footnotes":""},"class_list":["post-14","page","type-page","status-publish","hentry","entry"],"_links":{"self":[{"href":"https:\/\/finatem.com\/en\/wp-json\/wp\/v2\/pages\/14","targetHints":{"allow":["GET"]}}],"collection":[{"href":"https:\/\/finatem.com\/en\/wp-json\/wp\/v2\/pages"}],"about":[{"href":"https:\/\/finatem.com\/en\/wp-json\/wp\/v2\/types\/page"}],"author":[{"embeddable":true,"href":"https:\/\/finatem.com\/en\/wp-json\/wp\/v2\/users\/1"}],"replies":[{"embeddable":true,"href":"https:\/\/finatem.com\/en\/wp-json\/wp\/v2\/comments?post=14"}],"version-history":[{"count":166,"href":"https:\/\/finatem.com\/en\/wp-json\/wp\/v2\/pages\/14\/revisions"}],"predecessor-version":[{"id":780,"href":"https:\/\/finatem.com\/en\/wp-json\/wp\/v2\/pages\/14\/revisions\/780"}],"wp:attachment":[{"href":"https:\/\/finatem.com\/en\/wp-json\/wp\/v2\/media?parent=14"}],"curies":[{"name":"wp","href":"https:\/\/api.w.org\/{rel}","templated":true}]}}