{"id":174,"date":"2023-10-05T12:47:48","date_gmt":"2023-10-05T12:47:48","guid":{"rendered":"https:\/\/finatem.com\/?page_id=174"},"modified":"2025-06-11T22:03:41","modified_gmt":"2025-06-11T22:03:41","slug":"esg","status":"publish","type":"page","link":"https:\/\/finatem.com\/en\/esg\/","title":{"rendered":"ESG"},"content":{"rendered":"\t\t<div data-elementor-type=\"wp-page\" data-elementor-id=\"174\" class=\"elementor elementor-174\">\n\t\t\t\t<div class=\"elementor-element elementor-element-d8af2e2 e-flex e-con-boxed e-con e-parent\" data-id=\"d8af2e2\" data-element_type=\"container\" data-e-type=\"container\">\n\t\t\t\t\t<div class=\"e-con-inner\">\n\t\t\t\t<div class=\"elementor-element elementor-element-e85989c animated-slow elementor-invisible elementor-widget elementor-widget-heading\" data-id=\"e85989c\" data-element_type=\"widget\" data-e-type=\"widget\" data-settings=\"{&quot;_animation&quot;:&quot;fadeIn&quot;}\" data-widget_type=\"heading.default\">\n\t\t\t\t<div class=\"elementor-widget-container\">\n\t\t\t\t\t<h2 class=\"elementor-heading-title elementor-size-default\">ESG - Unsere Philosophie<\/h2>\t\t\t\t<\/div>\n\t\t\t\t<\/div>\n\t\t\t\t\t<\/div>\n\t\t\t\t<\/div>\n\t\t<div class=\"elementor-element elementor-element-914a6c1 e-flex e-con-boxed e-con e-parent\" data-id=\"914a6c1\" data-element_type=\"container\" data-e-type=\"container\">\n\t\t\t\t\t<div class=\"e-con-inner\">\n\t\t\t\t<div class=\"elementor-element elementor-element-7626096 animated-slow elementor-invisible elementor-widget elementor-widget-text-editor\" data-id=\"7626096\" data-element_type=\"widget\" data-e-type=\"widget\" data-settings=\"{&quot;_animation&quot;:&quot;fadeIn&quot;}\" data-widget_type=\"text-editor.default\">\n\t\t\t\t<div class=\"elementor-widget-container\">\n\t\t\t\t\t\t\t\t\t<p>Wir verstehen uns als verantwortungsvollen Investor und ber\u00fccksichtigen Nachhaltigkeitsrisiken in den Investitionsentscheidungsprozessen. Unsere Offenlegungen gem\u00e4\u00df Artikel 3, 4 und 5 der Verordnung (EU) 2019\/2088 finden Sie <a href=\"https:\/\/finatem.com\/wp-content\/uploads\/2025\/06\/Finatem-PAI-Statement-2024.pdf\" target=\"_blank\" rel=\"noopener\">hier<\/a>.<\/p>\t\t\t\t\t\t\t\t<\/div>\n\t\t\t\t<\/div>\n\t\t\t\t\t<\/div>\n\t\t\t\t<\/div>\n\t\t<div class=\"elementor-element elementor-element-da722a0 e-flex e-con-boxed e-con e-parent\" data-id=\"da722a0\" data-element_type=\"container\" data-e-type=\"container\">\n\t\t\t\t\t<div class=\"e-con-inner\">\n\t\t\t\t<div class=\"elementor-element elementor-element-3124c0b elementor-widget-mobile__width-initial animated-slow elementor-invisible elementor-widget elementor-widget-image\" data-id=\"3124c0b\" data-element_type=\"widget\" data-e-type=\"widget\" data-settings=\"{&quot;_animation&quot;:&quot;fadeIn&quot;,&quot;_animation_delay&quot;:1000}\" data-widget_type=\"image.default\">\n\t\t\t\t<div class=\"elementor-widget-container\">\n\t\t\t\t\t\t\t\t\t\t\t\t\t\t\t<img fetchpriority=\"high\" decoding=\"async\" width=\"320\" height=\"320\" src=\"https:\/\/finatem.com\/wp-content\/uploads\/2023\/10\/fische-blasser.jpg\" class=\"attachment-large size-large wp-image-281\" alt=\"\" srcset=\"https:\/\/finatem.com\/wp-content\/uploads\/2023\/10\/fische-blasser.jpg 320w, https:\/\/finatem.com\/wp-content\/uploads\/2023\/10\/fische-blasser-300x300.jpg 300w, https:\/\/finatem.com\/wp-content\/uploads\/2023\/10\/fische-blasser-150x150.jpg 150w, https:\/\/finatem.com\/wp-content\/uploads\/2023\/10\/fische-blasser-12x12.jpg 12w\" sizes=\"(max-width: 320px) 100vw, 320px\" \/>\t\t\t\t\t\t\t\t\t\t\t\t\t\t\t<\/div>\n\t\t\t\t<\/div>\n\t\t\t\t<div class=\"elementor-element elementor-element-f2df89c elementor-widget-mobile__width-initial animated-slow elementor-invisible elementor-widget elementor-widget-image\" data-id=\"f2df89c\" data-element_type=\"widget\" data-e-type=\"widget\" data-settings=\"{&quot;_animation&quot;:&quot;fadeIn&quot;,&quot;_animation_delay&quot;:2000}\" data-widget_type=\"image.default\">\n\t\t\t\t<div class=\"elementor-widget-container\">\n\t\t\t\t\t\t\t\t\t\t\t\t\t\t\t<img decoding=\"async\" width=\"320\" height=\"320\" src=\"https:\/\/finatem.com\/wp-content\/uploads\/2023\/10\/blume-blasser.jpg\" class=\"attachment-large size-large wp-image-280\" alt=\"\" srcset=\"https:\/\/finatem.com\/wp-content\/uploads\/2023\/10\/blume-blasser.jpg 320w, https:\/\/finatem.com\/wp-content\/uploads\/2023\/10\/blume-blasser-300x300.jpg 300w, https:\/\/finatem.com\/wp-content\/uploads\/2023\/10\/blume-blasser-150x150.jpg 150w, https:\/\/finatem.com\/wp-content\/uploads\/2023\/10\/blume-blasser-12x12.jpg 12w\" sizes=\"(max-width: 320px) 100vw, 320px\" \/>\t\t\t\t\t\t\t\t\t\t\t\t\t\t\t<\/div>\n\t\t\t\t<\/div>\n\t\t\t\t<div class=\"elementor-element elementor-element-b998fe9 elementor-widget-mobile__width-initial animated-slow elementor-invisible elementor-widget elementor-widget-image\" data-id=\"b998fe9\" data-element_type=\"widget\" data-e-type=\"widget\" data-settings=\"{&quot;_animation&quot;:&quot;fadeIn&quot;,&quot;_animation_delay&quot;:3000}\" data-widget_type=\"image.default\">\n\t\t\t\t<div class=\"elementor-widget-container\">\n\t\t\t\t\t\t\t\t\t\t\t\t\t\t\t<img decoding=\"async\" width=\"320\" height=\"320\" src=\"https:\/\/finatem.com\/wp-content\/uploads\/2023\/10\/kinder-blasser.jpg\" class=\"attachment-large size-large wp-image-282\" alt=\"\" srcset=\"https:\/\/finatem.com\/wp-content\/uploads\/2023\/10\/kinder-blasser.jpg 320w, https:\/\/finatem.com\/wp-content\/uploads\/2023\/10\/kinder-blasser-300x300.jpg 300w, https:\/\/finatem.com\/wp-content\/uploads\/2023\/10\/kinder-blasser-150x150.jpg 150w, https:\/\/finatem.com\/wp-content\/uploads\/2023\/10\/kinder-blasser-12x12.jpg 12w\" sizes=\"(max-width: 320px) 100vw, 320px\" \/>\t\t\t\t\t\t\t\t\t\t\t\t\t\t\t<\/div>\n\t\t\t\t<\/div>\n\t\t\t\t\t<\/div>\n\t\t\t\t<\/div>\n\t\t<div class=\"elementor-element elementor-element-67e57e2 e-flex e-con-boxed elementor-invisible e-con e-parent\" data-id=\"67e57e2\" data-element_type=\"container\" data-e-type=\"container\" data-settings=\"{&quot;animation&quot;:&quot;fadeIn&quot;,&quot;animation_delay&quot;:3500}\">\n\t\t\t\t\t<div class=\"e-con-inner\">\n\t\t\t\t<div class=\"elementor-element elementor-element-3f82f06 elementor-widget elementor-widget-heading\" data-id=\"3f82f06\" data-element_type=\"widget\" data-e-type=\"widget\" data-widget_type=\"heading.default\">\n\t\t\t\t<div class=\"elementor-widget-container\">\n\t\t\t\t\t<h3 class=\"elementor-heading-title elementor-size-default\">Erkl\u00e4rung zu den wichtigsten nachteiligen Auswirkungen von Investitionsentscheidungen auf Nachhaltigkeitsfaktoren<\/h3>\t\t\t\t<\/div>\n\t\t\t\t<\/div>\n\t\t\t\t<div class=\"elementor-element elementor-element-6ec4547 elementor-widget elementor-widget-text-editor\" data-id=\"6ec4547\" data-element_type=\"widget\" data-e-type=\"widget\" data-widget_type=\"text-editor.default\">\n\t\t\t\t<div class=\"elementor-widget-container\">\n\t\t\t\t\t\t\t\t\t<p>Datum der Ver\u00f6ffentlichung: 11. Juni 2025<\/p>\t\t\t\t\t\t\t\t<\/div>\n\t\t\t\t<\/div>\n\t\t\t\t<div class=\"elementor-element elementor-element-b0e84ec elementor-widget elementor-widget-text-editor\" data-id=\"b0e84ec\" data-element_type=\"widget\" data-e-type=\"widget\" data-widget_type=\"text-editor.default\">\n\t\t\t\t<div class=\"elementor-widget-container\">\n\t\t\t\t\t\t\t\t\t<p><strong>Finanzmarktteilnehmer<\/strong>: Finatem Fonds Management Verwaltungs GmbH [LEI des betroffenen Fonds Finatem IV GmbH &amp; Co. KG: 529900V2UMYRH1SG2L89]<\/p>\t\t\t\t\t\t\t\t<\/div>\n\t\t\t\t<\/div>\n\t\t\t\t<div class=\"elementor-element elementor-element-64362b3 elementor-widget elementor-widget-text-editor\" data-id=\"64362b3\" data-element_type=\"widget\" data-e-type=\"widget\" data-widget_type=\"text-editor.default\">\n\t\t\t\t<div class=\"elementor-widget-container\">\n\t\t\t\t\t\t\t\t\t<p><strong>Zusammenfassung<\/strong><\/p><p>Die Finatem Fonds Management Verwaltungs GmbH (\u201e<strong>Gesellschaft<\/strong>\u201c oder \u201e<strong>Finatem<\/strong>\u201c) ber\u00fccksichtigt bez\u00fcglich ihres Fonds Finatem IV GmbH &amp; Co. KG [LEI 529900V2UMYRH1SG2L89] die wichtigsten nachteiligen Auswirkungen ihrer Investitionsentscheidungen auf Nachhaltigkeitsfaktoren nach Ma\u00dfgabe des nachfolgend erl\u00e4uterten Anwendungsbereichs. Bei der vorliegenden Erkl\u00e4rung handelt es sich um die konsolidierte Erkl\u00e4rung zu den wichtigsten nachteiligen Auswirkungen auf die Nachhaltigkeitsfaktoren von Finatem.<\/p><p>Diese Erkl\u00e4rung zu den wichtigsten nachteiligen Auswirkungen auf die Nachhaltigkeitsfaktoren bezieht sich auf den Bezugszeitraum vom 1. Januar 2024 bis zum 31. Dezember 2024.<\/p><p><strong>\u00a0<\/strong><\/p><p><strong>Anwendungsbereich: <\/strong>Erfasst wird der Fonds Finatem IV GmbH &amp; Co. KG. Nicht erfasst werden die Fonds Finatem II GmbH &amp; Co. KG und Finatem III GmbH &amp; Co. KG.<\/p><p><strong>\u00a0<\/strong><\/p><p><strong>Nachhaltigkeitsindikatoren<\/strong>: Zur Bewertung und Messung der wichtigsten nachteiligen Auswirkungen von Investitionsentscheidungen auf Nachhaltigkeitsfaktoren zieht Finatem folgende Nachhaltigkeitsindikatoren heran: THG-Emissionen; CO2-Fu\u00dfabdruck; THG-Emissionsintensit\u00e4t der Unternehmen, in die investiert wird; Engagement in Unternehmen, die im Bereich der fossilen Brennstoffe t\u00e4tig sind; Anteil des Energieverbrauchs und der Energieerzeugung aus nicht erneuerbaren Energiequellen; Intensit\u00e4t des Energieverbrauchs nach klimaintensiven Sektoren; T\u00e4tigkeit, die sich nachteilig auf Gebiete mit schutzbed\u00fcrftiger Biodiversit\u00e4t auswirken; Emissionen in Wasser; Anteil gef\u00e4hrlicher und radioaktiver Abf\u00e4lle; Verst\u00f6\u00dfe gegen die UNGC-Grunds\u00e4tze und gegen die Leits\u00e4tze der Organisation f\u00fcr wirtschaftliche Zusammenarbeit und Entwicklung (OECD) f\u00fcr multinationale Unternehmen; fehlende Prozesse und Compliance-Mechanismen zur \u00dcberwachung der Einhaltung der UNGC-Grunds\u00e4tze und der OECD-Leits\u00e4tze f\u00fcr multinationale Unternehmen; unbereinigtes geschlechtsspezifisches Verdienstgef\u00e4lle; Geschlechtervielfalt in den Leitungs- und Kontrollorganen; Engagement in umstrittenen Waffen (Antipersonenminen, Streumunition, chemische und biologische Waffen); Investitionen in Unternehmen ohne Initiativen zur Verringerung der CO2-Emissionen; Aufschl\u00fcsselung des Energieverbrauchs nach Art der nicht erneuerbaren Energiequellen; Unfallquote.<\/p><p><strong>\u00a0<\/strong><\/p><p><strong>Nachteilige Auswirkungen auf die herangezogenen Nachhaltigkeitsindikatoren:<\/strong> F\u00fcr den Bezugszeitraum k\u00f6nnen insofern unter Ber\u00fccksichtigung der vorhandenen Datenlage folgende Aussagen getroffen werden: <br \/>Alle 5 Portfoliounternehmen bem\u00fchen sich, THG Emissionen so gering wie m\u00f6glich zu halten; leider k\u00f6nnen bisher nur Scope 1 und 2 Emissionen ermittelt werden. Andere als CO<sub>2 <\/sub>Emissionen spielen praktisch keine Rolle. Auch sonstige Auswirkungen auf Biodiversit\u00e4t, Wasser und durch Abf\u00e4lle sind in den konkreten Gesch\u00e4ftsmodellen von untergeordneter Bedeutung. Bereits bei Investition wurde auf ESG Kriterien geachtet. F\u00fcr den Bereich Soziales und Besch\u00e4ftigung spielen die kleinen Strukturen eine Rolle, so dass vielfach bisher keine Prozesse zur \u00dcberwachung erforderlich schienen. \u00a0\u00a0<\/p><p><strong>\u00a0<\/strong><\/p><p><strong>Daten<\/strong>: Die Gesellschaft zieht zur Identifizierung und Bewertung der vorgenannten Nachhaltigkeitsindikatoren verschiedene Datenquellen heran. Die M\u00f6glichkeit zur Ber\u00fccksichtigung der wichtigsten nachteiligen Nachhaltigkeitsauswirkungen h\u00e4ngt ma\u00dfgeblich von der Verf\u00fcgbarkeit entsprechender Informationen ab. Nicht f\u00fcr alle Portfoliounternehmen, in die die Gesellschaft \u00fcber die verwalteten Fonds investiert, sind die ben\u00f6tigten Daten in ausreichendem Umfang und in der erforderlichen Qualit\u00e4t vorhanden. Sofern erforderliche Daten nicht vorliegen und nicht beschafft werden k\u00f6nnen, werden die bestm\u00f6glichen Alternativen zur Ermittlung der Daten herangezogen (z. B. Sch\u00e4tzungen oder Hochrechnungen). Die Gesellschaft hat die Datenlage mindestens j\u00e4hrlich zu \u00fcberpr\u00fcfen, zu versuchen, diese zu optimieren und im durch die RTS vorgegebenen Berichtsformat zu berichten.<\/p><p>Die detaillierte &#8222;Beschreibung der wichtigsten nachteiligen Auswirkungen auf Nachhaltigkeitsfaktoren&#8220; finden Sie <a href=\"https:\/\/finatem.com\/wp-content\/uploads\/2024\/06\/Finatem_PAI-Statement_2023_v01.pdf\" target=\"_blank\" rel=\"noopener\">hier<\/a>.<\/p><p class=\"oj-tbl-txt\" style=\"margin: 6pt 0cm; text-align: center; background-image: initial; background-position: initial; background-size: initial; background-repeat: initial; background-attachment: initial; background-origin: initial; background-clip: initial;\" align=\"center\">\u00a0<\/p>\t\t\t\t\t\t\t\t<\/div>\n\t\t\t\t<\/div>\n\t\t\t\t\t<\/div>\n\t\t\t\t<\/div>\n\t\t\t\t<\/div>\n\t\t","protected":false},"excerpt":{"rendered":"<p>ESG &#8211; Unsere Philosophie Wir verstehen uns als verantwortungsvollen Investor und ber\u00fccksichtigen Nachhaltigkeitsrisiken in den Investitionsentscheidungsprozessen. Unsere Offenlegungen gem\u00e4\u00df Artikel 3, 4 und 5 der Verordnung (EU) 2019\/2088 finden Sie hier. Erkl\u00e4rung zu den wichtigsten nachteiligen Auswirkungen von Investitionsentscheidungen auf Nachhaltigkeitsfaktoren Datum der Ver\u00f6ffentlichung: 11. Juni 2025 Finanzmarktteilnehmer: Finatem Fonds Management Verwaltungs GmbH [LEI des [&hellip;]<\/p>\n","protected":false},"author":1,"featured_media":0,"parent":0,"menu_order":0,"comment_status":"closed","ping_status":"closed","template":"","meta":{"ocean_post_layout":"full-screen","ocean_both_sidebars_style":"","ocean_both_sidebars_content_width":0,"ocean_both_sidebars_sidebars_width":0,"ocean_sidebar":"","ocean_second_sidebar":"","ocean_disable_margins":"enable","ocean_add_body_class":"","ocean_shortcode_before_top_bar":"","ocean_shortcode_after_top_bar":"","ocean_shortcode_before_header":"","ocean_shortcode_after_header":"","ocean_has_shortcode":"","ocean_shortcode_after_title":"","ocean_shortcode_before_footer_widgets":"","ocean_shortcode_after_footer_widgets":"","ocean_shortcode_before_footer_bottom":"","ocean_shortcode_after_footer_bottom":"","ocean_display_top_bar":"off","ocean_display_header":"default","ocean_header_style":"","ocean_center_header_left_menu":"","ocean_custom_header_template":"","ocean_custom_logo":0,"ocean_custom_retina_logo":0,"ocean_custom_logo_max_width":0,"ocean_custom_logo_tablet_max_width":0,"ocean_custom_logo_mobile_max_width":0,"ocean_custom_logo_max_height":0,"ocean_custom_logo_tablet_max_height":0,"ocean_custom_logo_mobile_max_height":0,"ocean_header_custom_menu":"","ocean_menu_typo_font_family":"","ocean_menu_typo_font_subset":"","ocean_menu_typo_font_size":0,"ocean_menu_typo_font_size_tablet":0,"ocean_menu_typo_font_size_mobile":0,"ocean_menu_typo_font_size_unit":"px","ocean_menu_typo_font_weight":"","ocean_menu_typo_font_weight_tablet":"","ocean_menu_typo_font_weight_mobile":"","ocean_menu_typo_transform":"","ocean_menu_typo_transform_tablet":"","ocean_menu_typo_transform_mobile":"","ocean_menu_typo_line_height":0,"ocean_menu_typo_line_height_tablet":0,"ocean_menu_typo_line_height_mobile":0,"ocean_menu_typo_line_height_unit":"","ocean_menu_typo_spacing":0,"ocean_menu_typo_spacing_tablet":0,"ocean_menu_typo_spacing_mobile":0,"ocean_menu_typo_spacing_unit":"","ocean_menu_link_color":"","ocean_menu_link_color_hover":"","ocean_menu_link_color_active":"","ocean_menu_link_background":"","ocean_menu_link_hover_background":"","ocean_menu_link_active_background":"","ocean_menu_social_links_bg":"","ocean_menu_social_hover_links_bg":"","ocean_menu_social_links_color":"","ocean_menu_social_hover_links_color":"","ocean_disable_title":"on","ocean_disable_heading":"default","ocean_post_title":"","ocean_post_subheading":"","ocean_post_title_style":"","ocean_post_title_background_color":"","ocean_post_title_background":0,"ocean_post_title_bg_image_position":"","ocean_post_title_bg_image_attachment":"","ocean_post_title_bg_image_repeat":"","ocean_post_title_bg_image_size":"","ocean_post_title_height":0,"ocean_post_title_bg_overlay":0.5,"ocean_post_title_bg_overlay_color":"","ocean_disable_breadcrumbs":"default","ocean_breadcrumbs_color":"","ocean_breadcrumbs_separator_color":"","ocean_breadcrumbs_links_color":"","ocean_breadcrumbs_links_hover_color":"","ocean_display_footer_widgets":"off","ocean_display_footer_bottom":"off","ocean_custom_footer_template":"","footnotes":""},"class_list":["post-174","page","type-page","status-publish","hentry","entry"],"_links":{"self":[{"href":"https:\/\/finatem.com\/en\/wp-json\/wp\/v2\/pages\/174","targetHints":{"allow":["GET"]}}],"collection":[{"href":"https:\/\/finatem.com\/en\/wp-json\/wp\/v2\/pages"}],"about":[{"href":"https:\/\/finatem.com\/en\/wp-json\/wp\/v2\/types\/page"}],"author":[{"embeddable":true,"href":"https:\/\/finatem.com\/en\/wp-json\/wp\/v2\/users\/1"}],"replies":[{"embeddable":true,"href":"https:\/\/finatem.com\/en\/wp-json\/wp\/v2\/comments?post=174"}],"version-history":[{"count":67,"href":"https:\/\/finatem.com\/en\/wp-json\/wp\/v2\/pages\/174\/revisions"}],"predecessor-version":[{"id":750,"href":"https:\/\/finatem.com\/en\/wp-json\/wp\/v2\/pages\/174\/revisions\/750"}],"wp:attachment":[{"href":"https:\/\/finatem.com\/en\/wp-json\/wp\/v2\/media?parent=174"}],"curies":[{"name":"wp","href":"https:\/\/api.w.org\/{rel}","templated":true}]}}