{"id":6,"date":"2023-10-05T08:55:35","date_gmt":"2023-10-05T08:55:35","guid":{"rendered":"https:\/\/finatem.com\/?page_id=6"},"modified":"2024-01-03T21:09:33","modified_gmt":"2024-01-03T21:09:33","slug":"home","status":"publish","type":"page","link":"https:\/\/finatem.com\/en\/","title":{"rendered":"Home"},"content":{"rendered":"<div data-elementor-type=\"wp-page\" data-elementor-id=\"6\" class=\"elementor elementor-6\">\n\t\t\t\t<div class=\"elementor-element elementor-element-cbf9196 e-flex e-con-boxed e-con e-parent\" data-id=\"cbf9196\" data-element_type=\"container\" data-e-type=\"container\">\n\t\t\t\t\t<div class=\"e-con-inner\">\n\t\t\t\t<div class=\"elementor-element elementor-element-2481f8e animated-slow elementor-invisible elementor-widget elementor-widget-image\" data-id=\"2481f8e\" data-element_type=\"widget\" data-e-type=\"widget\" data-settings=\"{&quot;_animation&quot;:&quot;fadeInDown&quot;}\" data-widget_type=\"image.default\">\n\t\t\t\t<div class=\"elementor-widget-container\">\n\t\t\t\t\t\t\t\t\t\t\t\t\t\t\t<img fetchpriority=\"high\" decoding=\"async\" width=\"1024\" height=\"462\" src=\"https:\/\/finatem.com\/wp-content\/uploads\/2023\/10\/finatem_positiv_300dpi_rgb-1-1024x462.jpg\" class=\"attachment-large size-large wp-image-525\" alt=\"\" srcset=\"https:\/\/finatem.com\/wp-content\/uploads\/2023\/10\/finatem_positiv_300dpi_rgb-1-1024x462.jpg 1024w, https:\/\/finatem.com\/wp-content\/uploads\/2023\/10\/finatem_positiv_300dpi_rgb-1-300x135.jpg 300w, https:\/\/finatem.com\/wp-content\/uploads\/2023\/10\/finatem_positiv_300dpi_rgb-1-768x346.jpg 768w, https:\/\/finatem.com\/wp-content\/uploads\/2023\/10\/finatem_positiv_300dpi_rgb-1-1536x693.jpg 1536w, https:\/\/finatem.com\/wp-content\/uploads\/2023\/10\/finatem_positiv_300dpi_rgb-1-18x8.jpg 18w, https:\/\/finatem.com\/wp-content\/uploads\/2023\/10\/finatem_positiv_300dpi_rgb-1.jpg 1576w\" sizes=\"(max-width: 1024px) 100vw, 1024px\" \/>\t\t\t\t\t\t\t\t\t\t\t\t\t\t\t<\/div>\n\t\t\t\t<\/div>\n\t\t\t\t\t<\/div>\n\t\t\t\t<\/div>\n\t\t<div class=\"elementor-element elementor-element-777964c e-flex e-con-boxed e-con e-parent\" data-id=\"777964c\" data-element_type=\"container\" data-e-type=\"container\">\n\t\t\t\t\t<div class=\"e-con-inner\">\n\t\t\t\t<div class=\"elementor-element elementor-element-0e19815 animated-slow elementor-invisible elementor-widget elementor-widget-heading\" data-id=\"0e19815\" data-element_type=\"widget\" data-e-type=\"widget\" data-settings=\"{&quot;_animation&quot;:&quot;fadeIn&quot;,&quot;_animation_delay&quot;:1000}\" data-widget_type=\"heading.default\">\n\t\t\t\t<div class=\"elementor-widget-container\">\n\t\t\t\t\t<h2 class=\"elementor-heading-title elementor-size-default\">Stability.<\/h2>\t\t\t\t<\/div>\n\t\t\t\t<\/div>\n\t\t\t\t<div class=\"elementor-element elementor-element-16e92e7 animated-slow elementor-invisible elementor-widget elementor-widget-heading\" data-id=\"16e92e7\" data-element_type=\"widget\" data-e-type=\"widget\" data-settings=\"{&quot;_animation&quot;:&quot;fadeIn&quot;,&quot;_animation_delay&quot;:1400}\" data-widget_type=\"heading.default\">\n\t\t\t\t<div class=\"elementor-widget-container\">\n\t\t\t\t\t<h2 class=\"elementor-heading-title elementor-size-default\">Growth.<\/h2>\t\t\t\t<\/div>\n\t\t\t\t<\/div>\n\t\t\t\t<div class=\"elementor-element elementor-element-c094173 animated-slow elementor-invisible elementor-widget elementor-widget-heading\" data-id=\"c094173\" data-element_type=\"widget\" data-e-type=\"widget\" data-settings=\"{&quot;_animation&quot;:&quot;fadeIn&quot;,&quot;_animation_delay&quot;:1800}\" data-widget_type=\"heading.default\">\n\t\t\t\t<div class=\"elementor-widget-container\">\n\t\t\t\t\t<h2 class=\"elementor-heading-title elementor-size-default\">Partnership.<\/h2>\t\t\t\t<\/div>\n\t\t\t\t<\/div>\n\t\t\t\t\t<\/div>\n\t\t\t\t<\/div>\n\t\t<div class=\"elementor-element elementor-element-7d09ac1 animated-slow elementor-hidden-desktop e-flex e-con-boxed elementor-invisible e-con e-parent\" data-id=\"7d09ac1\" data-element_type=\"container\" data-e-type=\"container\" data-settings=\"{&quot;animation&quot;:&quot;fadeInLeft&quot;,&quot;animation_delay&quot;:2000,&quot;animation_mobile&quot;:&quot;none&quot;}\">\n\t\t\t\t\t<div class=\"e-con-inner\">\n\t\t\t\t<div class=\"elementor-element elementor-element-7553f75 elementor-widget__width-initial animated-slow elementor-invisible elementor-widget elementor-widget-image\" data-id=\"7553f75\" data-element_type=\"widget\" data-e-type=\"widget\" data-settings=\"{&quot;_animation&quot;:&quot;fadeIn&quot;,&quot;_animation_delay&quot;:2000,&quot;_animation_mobile&quot;:&quot;zoomIn&quot;}\" data-widget_type=\"image.default\">\n\t\t\t\t<div class=\"elementor-widget-container\">\n\t\t\t\t\t\t\t\t\t\t\t\t\t\t\t<img decoding=\"async\" width=\"1024\" height=\"768\" src=\"https:\/\/finatem.com\/wp-content\/uploads\/2023\/10\/Stability_blasser-1024x768.jpg\" class=\"attachment-large size-large wp-image-637\" alt=\"\" srcset=\"https:\/\/finatem.com\/wp-content\/uploads\/2023\/10\/Stability_blasser-1024x768.jpg 1024w, https:\/\/finatem.com\/wp-content\/uploads\/2023\/10\/Stability_blasser-300x225.jpg 300w, https:\/\/finatem.com\/wp-content\/uploads\/2023\/10\/Stability_blasser-768x576.jpg 768w, https:\/\/finatem.com\/wp-content\/uploads\/2023\/10\/Stability_blasser-16x12.jpg 16w, https:\/\/finatem.com\/wp-content\/uploads\/2023\/10\/Stability_blasser.jpg 1138w\" sizes=\"(max-width: 1024px) 100vw, 1024px\" \/>\t\t\t\t\t\t\t\t\t\t\t\t\t\t\t<\/div>\n\t\t\t\t<\/div>\n\t\t\t\t<div class=\"elementor-element elementor-element-3d6a3c6 elementor-widget__width-initial animated-slow elementor-invisible elementor-widget elementor-widget-image\" data-id=\"3d6a3c6\" data-element_type=\"widget\" data-e-type=\"widget\" data-settings=\"{&quot;_animation&quot;:&quot;fadeIn&quot;,&quot;_animation_delay&quot;:2000,&quot;_animation_mobile&quot;:&quot;zoomIn&quot;}\" data-widget_type=\"image.default\">\n\t\t\t\t<div class=\"elementor-widget-container\">\n\t\t\t\t\t\t\t\t\t\t\t\t\t\t\t<img decoding=\"async\" width=\"1024\" height=\"768\" src=\"https:\/\/finatem.com\/wp-content\/uploads\/2023\/10\/Wachstum_blasser-1024x768.jpg\" class=\"attachment-large size-large wp-image-516\" alt=\"\" srcset=\"https:\/\/finatem.com\/wp-content\/uploads\/2023\/10\/Wachstum_blasser-1024x768.jpg 1024w, https:\/\/finatem.com\/wp-content\/uploads\/2023\/10\/Wachstum_blasser-300x225.jpg 300w, https:\/\/finatem.com\/wp-content\/uploads\/2023\/10\/Wachstum_blasser-768x576.jpg 768w, https:\/\/finatem.com\/wp-content\/uploads\/2023\/10\/Wachstum_blasser-1536x1152.jpg 1536w, https:\/\/finatem.com\/wp-content\/uploads\/2023\/10\/Wachstum_blasser-2048x1536.jpg 2048w, https:\/\/finatem.com\/wp-content\/uploads\/2023\/10\/Wachstum_blasser-16x12.jpg 16w\" sizes=\"(max-width: 1024px) 100vw, 1024px\" \/>\t\t\t\t\t\t\t\t\t\t\t\t\t\t\t<\/div>\n\t\t\t\t<\/div>\n\t\t\t\t<div class=\"elementor-element elementor-element-78ed106 elementor-widget__width-initial animated-slow elementor-invisible elementor-widget elementor-widget-image\" data-id=\"78ed106\" data-element_type=\"widget\" data-e-type=\"widget\" data-settings=\"{&quot;_animation&quot;:&quot;fadeIn&quot;,&quot;_animation_delay&quot;:2000,&quot;_animation_mobile&quot;:&quot;zoomIn&quot;}\" data-widget_type=\"image.default\">\n\t\t\t\t<div class=\"elementor-widget-container\">\n\t\t\t\t\t\t\t\t\t\t\t\t\t\t\t<img loading=\"lazy\" decoding=\"async\" width=\"1024\" height=\"768\" src=\"https:\/\/finatem.com\/wp-content\/uploads\/2023\/10\/Partnerschaft_blasser-1024x768.jpg\" class=\"attachment-large size-large wp-image-514\" alt=\"\" srcset=\"https:\/\/finatem.com\/wp-content\/uploads\/2023\/10\/Partnerschaft_blasser-1024x768.jpg 1024w, https:\/\/finatem.com\/wp-content\/uploads\/2023\/10\/Partnerschaft_blasser-300x225.jpg 300w, https:\/\/finatem.com\/wp-content\/uploads\/2023\/10\/Partnerschaft_blasser-768x576.jpg 768w, https:\/\/finatem.com\/wp-content\/uploads\/2023\/10\/Partnerschaft_blasser-1536x1152.jpg 1536w, https:\/\/finatem.com\/wp-content\/uploads\/2023\/10\/Partnerschaft_blasser-2048x1536.jpg 2048w, https:\/\/finatem.com\/wp-content\/uploads\/2023\/10\/Partnerschaft_blasser-16x12.jpg 16w\" sizes=\"(max-width: 1024px) 100vw, 1024px\" \/>\t\t\t\t\t\t\t\t\t\t\t\t\t\t\t<\/div>\n\t\t\t\t<\/div>\n\t\t\t\t\t<\/div>\n\t\t\t\t<\/div>\n\t\t<div class=\"elementor-element elementor-element-c8d217b animated-slow e-flex e-con-boxed elementor-invisible e-con e-parent\" data-id=\"c8d217b\" data-element_type=\"container\" data-e-type=\"container\" data-settings=\"{&quot;animation&quot;:&quot;fadeIn&quot;,&quot;animation_delay&quot;:2200}\">\n\t\t\t\t\t<div class=\"e-con-inner\">\n\t\t<div class=\"elementor-element elementor-element-2fbb850 e-con-full e-flex e-con e-child\" data-id=\"2fbb850\" data-element_type=\"container\" data-e-type=\"container\">\n\t\t\t\t<div class=\"elementor-element elementor-element-7886bb9 animated-slow elementor-invisible elementor-widget elementor-widget-text-editor\" data-id=\"7886bb9\" data-element_type=\"widget\" data-e-type=\"widget\" data-settings=\"{&quot;_animation&quot;:&quot;fadeIn&quot;,&quot;_animation_delay&quot;:0}\" data-widget_type=\"text-editor.default\">\n\t\t\t\t<div class=\"elementor-widget-container\">\n\t\t\t\t\t\t\t\t\t<p>Since 2000, we invest in medium-sized companies. We have faith in the midmarket and see our role as a partner to our portfolio companies and their management teams.<\/p><p>We are an independent partner-managed private equity firm based in Bad Homburg v.d.H. and invest in majority buy-outs of companies with business activities and\/or know-how in German-speaking Europe.<\/p>\t\t\t\t\t\t\t\t<\/div>\n\t\t\t\t<\/div>\n\t\t\t\t<\/div>\n\t\t<div class=\"elementor-element elementor-element-3578a5a e-con-full e-flex e-con e-child\" data-id=\"3578a5a\" data-element_type=\"container\" data-e-type=\"container\">\n\t\t\t\t<div class=\"elementor-element elementor-element-055952c animated-slow elementor-invisible elementor-widget elementor-widget-text-editor\" data-id=\"055952c\" data-element_type=\"widget\" data-e-type=\"widget\" data-settings=\"{&quot;_animation&quot;:&quot;fadeIn&quot;,&quot;_animation_delay&quot;:0}\" data-widget_type=\"text-editor.default\">\n\t\t\t\t<div class=\"elementor-widget-container\">\n\t\t\t\t\t\t\t\t\t<p>We focus on smaller midsized companies with sales between \u20ac 10 to 50 million or EBITDA between \u20ac 2 to 6 million.\u00a0<\/p><p>\u00a0<\/p><p>Typical situations are company successions, group spin-offs and growth-related follow-up investments.<\/p>\t\t\t\t\t\t\t\t<\/div>\n\t\t\t\t<\/div>\n\t\t\t\t<\/div>\n\t\t\t\t\t<\/div>\n\t\t\t\t<\/div>\n\t\t<div class=\"elementor-element elementor-element-9841e8f animated-slow elementor-hidden-tablet elementor-hidden-mobile e-flex e-con-boxed elementor-invisible e-con e-parent\" data-id=\"9841e8f\" data-element_type=\"container\" data-e-type=\"container\" data-settings=\"{&quot;animation&quot;:&quot;fadeIn&quot;,&quot;animation_delay&quot;:2200,&quot;animation_mobile&quot;:&quot;fadeInLeft&quot;}\">\n\t\t\t\t\t<div class=\"e-con-inner\">\n\t\t\t\t<div class=\"elementor-element elementor-element-d3a6c6f elementor-widget__width-initial animated-slow elementor-invisible elementor-widget elementor-widget-image\" data-id=\"d3a6c6f\" data-element_type=\"widget\" data-e-type=\"widget\" data-settings=\"{&quot;_animation&quot;:&quot;fadeIn&quot;,&quot;_animation_delay&quot;:1000}\" data-widget_type=\"image.default\">\n\t\t\t\t<div class=\"elementor-widget-container\">\n\t\t\t\t\t\t\t\t\t\t\t\t\t\t\t<img decoding=\"async\" width=\"1024\" height=\"768\" src=\"https:\/\/finatem.com\/wp-content\/uploads\/2023\/10\/Stability_blasser-1024x768.jpg\" class=\"attachment-large size-large wp-image-637\" alt=\"\" srcset=\"https:\/\/finatem.com\/wp-content\/uploads\/2023\/10\/Stability_blasser-1024x768.jpg 1024w, https:\/\/finatem.com\/wp-content\/uploads\/2023\/10\/Stability_blasser-300x225.jpg 300w, https:\/\/finatem.com\/wp-content\/uploads\/2023\/10\/Stability_blasser-768x576.jpg 768w, https:\/\/finatem.com\/wp-content\/uploads\/2023\/10\/Stability_blasser-16x12.jpg 16w, https:\/\/finatem.com\/wp-content\/uploads\/2023\/10\/Stability_blasser.jpg 1138w\" sizes=\"(max-width: 1024px) 100vw, 1024px\" \/>\t\t\t\t\t\t\t\t\t\t\t\t\t\t\t<\/div>\n\t\t\t\t<\/div>\n\t\t\t\t<div class=\"elementor-element elementor-element-c04847e elementor-widget__width-initial animated-slow elementor-invisible elementor-widget elementor-widget-image\" data-id=\"c04847e\" data-element_type=\"widget\" data-e-type=\"widget\" data-settings=\"{&quot;_animation&quot;:&quot;fadeIn&quot;,&quot;_animation_delay&quot;:1000}\" data-widget_type=\"image.default\">\n\t\t\t\t<div class=\"elementor-widget-container\">\n\t\t\t\t\t\t\t\t\t\t\t\t\t\t\t<img decoding=\"async\" width=\"1024\" height=\"768\" src=\"https:\/\/finatem.com\/wp-content\/uploads\/2023\/10\/Wachstum_blasser-1024x768.jpg\" class=\"attachment-large size-large wp-image-516\" alt=\"\" srcset=\"https:\/\/finatem.com\/wp-content\/uploads\/2023\/10\/Wachstum_blasser-1024x768.jpg 1024w, https:\/\/finatem.com\/wp-content\/uploads\/2023\/10\/Wachstum_blasser-300x225.jpg 300w, https:\/\/finatem.com\/wp-content\/uploads\/2023\/10\/Wachstum_blasser-768x576.jpg 768w, https:\/\/finatem.com\/wp-content\/uploads\/2023\/10\/Wachstum_blasser-1536x1152.jpg 1536w, https:\/\/finatem.com\/wp-content\/uploads\/2023\/10\/Wachstum_blasser-2048x1536.jpg 2048w, https:\/\/finatem.com\/wp-content\/uploads\/2023\/10\/Wachstum_blasser-16x12.jpg 16w\" sizes=\"(max-width: 1024px) 100vw, 1024px\" \/>\t\t\t\t\t\t\t\t\t\t\t\t\t\t\t<\/div>\n\t\t\t\t<\/div>\n\t\t\t\t<div class=\"elementor-element elementor-element-e0835bc elementor-widget__width-initial animated-slow elementor-invisible elementor-widget elementor-widget-image\" data-id=\"e0835bc\" data-element_type=\"widget\" data-e-type=\"widget\" data-settings=\"{&quot;_animation&quot;:&quot;fadeIn&quot;,&quot;_animation_delay&quot;:1000}\" data-widget_type=\"image.default\">\n\t\t\t\t<div class=\"elementor-widget-container\">\n\t\t\t\t\t\t\t\t\t\t\t\t\t\t\t<img loading=\"lazy\" decoding=\"async\" width=\"1024\" height=\"768\" src=\"https:\/\/finatem.com\/wp-content\/uploads\/2023\/10\/Partnerschaft_blasser-1024x768.jpg\" class=\"attachment-large size-large wp-image-514\" alt=\"\" srcset=\"https:\/\/finatem.com\/wp-content\/uploads\/2023\/10\/Partnerschaft_blasser-1024x768.jpg 1024w, https:\/\/finatem.com\/wp-content\/uploads\/2023\/10\/Partnerschaft_blasser-300x225.jpg 300w, https:\/\/finatem.com\/wp-content\/uploads\/2023\/10\/Partnerschaft_blasser-768x576.jpg 768w, https:\/\/finatem.com\/wp-content\/uploads\/2023\/10\/Partnerschaft_blasser-1536x1152.jpg 1536w, https:\/\/finatem.com\/wp-content\/uploads\/2023\/10\/Partnerschaft_blasser-2048x1536.jpg 2048w, https:\/\/finatem.com\/wp-content\/uploads\/2023\/10\/Partnerschaft_blasser-16x12.jpg 16w\" sizes=\"(max-width: 1024px) 100vw, 1024px\" \/>\t\t\t\t\t\t\t\t\t\t\t\t\t\t\t<\/div>\n\t\t\t\t<\/div>\n\t\t\t\t\t<\/div>\n\t\t\t\t<\/div>\n\t\t\t\t<\/div>","protected":false},"excerpt":{"rendered":"<p>Stabilit\u00e4t. Wachstum. Partnerschaft. Seit dem Jahr 2000 beteiligen wir uns an mittelst\u00e4ndischen Unternehmen. Wir glauben an den Mittelstand und verstehen uns als Partner unserer Portfoliounternehmen und ihres Managements. Als unabh\u00e4ngige partnergef\u00fchrte Beteiligungsgesellschaft mit Sitz in Bad Homburg v.d.H. investieren wir \u00fcber Mehrheitsbeteiligungen in Unternehmen mit Gesch\u00e4ftsaktivit\u00e4ten bzw. Know-how in Deutschland, \u00d6sterreich und der Schweiz. Unser [&hellip;]<\/p>\n","protected":false},"author":1,"featured_media":0,"parent":0,"menu_order":0,"comment_status":"closed","ping_status":"closed","template":"","meta":{"ocean_post_layout":"full-screen","ocean_both_sidebars_style":"","ocean_both_sidebars_content_width":0,"ocean_both_sidebars_sidebars_width":0,"ocean_sidebar":"","ocean_second_sidebar":"","ocean_disable_margins":"enable","ocean_add_body_class":"","ocean_shortcode_before_top_bar":"","ocean_shortcode_after_top_bar":"","ocean_shortcode_before_header":"","ocean_shortcode_after_header":"","ocean_has_shortcode":"","ocean_shortcode_after_title":"","ocean_shortcode_before_footer_widgets":"","ocean_shortcode_after_footer_widgets":"","ocean_shortcode_before_footer_bottom":"","ocean_shortcode_after_footer_bottom":"","ocean_display_top_bar":"off","ocean_display_header":"default","ocean_header_style":"","ocean_center_header_left_menu":"","ocean_custom_header_template":"","ocean_custom_logo":0,"ocean_custom_retina_logo":0,"ocean_custom_logo_max_width":0,"ocean_custom_logo_tablet_max_width":0,"ocean_custom_logo_mobile_max_width":0,"ocean_custom_logo_max_height":0,"ocean_custom_logo_tablet_max_height":0,"ocean_custom_logo_mobile_max_height":0,"ocean_header_custom_menu":"","ocean_menu_typo_font_family":"","ocean_menu_typo_font_subset":"","ocean_menu_typo_font_size":0,"ocean_menu_typo_font_size_tablet":0,"ocean_menu_typo_font_size_mobile":0,"ocean_menu_typo_font_size_unit":"px","ocean_menu_typo_font_weight":"","ocean_menu_typo_font_weight_tablet":"","ocean_menu_typo_font_weight_mobile":"","ocean_menu_typo_transform":"","ocean_menu_typo_transform_tablet":"","ocean_menu_typo_transform_mobile":"","ocean_menu_typo_line_height":0,"ocean_menu_typo_line_height_tablet":0,"ocean_menu_typo_line_height_mobile":0,"ocean_menu_typo_line_height_unit":"","ocean_menu_typo_spacing":0,"ocean_menu_typo_spacing_tablet":0,"ocean_menu_typo_spacing_mobile":0,"ocean_menu_typo_spacing_unit":"","ocean_menu_link_color":"","ocean_menu_link_color_hover":"","ocean_menu_link_color_active":"","ocean_menu_link_background":"","ocean_menu_link_hover_background":"","ocean_menu_link_active_background":"","ocean_menu_social_links_bg":"","ocean_menu_social_hover_links_bg":"","ocean_menu_social_links_color":"","ocean_menu_social_hover_links_color":"","ocean_disable_title":"on","ocean_disable_heading":"default","ocean_post_title":"","ocean_post_subheading":"","ocean_post_title_style":"","ocean_post_title_background_color":"","ocean_post_title_background":0,"ocean_post_title_bg_image_position":"","ocean_post_title_bg_image_attachment":"","ocean_post_title_bg_image_repeat":"","ocean_post_title_bg_image_size":"","ocean_post_title_height":0,"ocean_post_title_bg_overlay":0.5,"ocean_post_title_bg_overlay_color":"","ocean_disable_breadcrumbs":"default","ocean_breadcrumbs_color":"","ocean_breadcrumbs_separator_color":"","ocean_breadcrumbs_links_color":"","ocean_breadcrumbs_links_hover_color":"","ocean_display_footer_widgets":"off","ocean_display_footer_bottom":"on","ocean_custom_footer_template":"","footnotes":""},"class_list":["post-6","page","type-page","status-publish","hentry","entry"],"_links":{"self":[{"href":"https:\/\/finatem.com\/en\/wp-json\/wp\/v2\/pages\/6","targetHints":{"allow":["GET"]}}],"collection":[{"href":"https:\/\/finatem.com\/en\/wp-json\/wp\/v2\/pages"}],"about":[{"href":"https:\/\/finatem.com\/en\/wp-json\/wp\/v2\/types\/page"}],"author":[{"embeddable":true,"href":"https:\/\/finatem.com\/en\/wp-json\/wp\/v2\/users\/1"}],"replies":[{"embeddable":true,"href":"https:\/\/finatem.com\/en\/wp-json\/wp\/v2\/comments?post=6"}],"version-history":[{"count":257,"href":"https:\/\/finatem.com\/en\/wp-json\/wp\/v2\/pages\/6\/revisions"}],"predecessor-version":[{"id":705,"href":"https:\/\/finatem.com\/en\/wp-json\/wp\/v2\/pages\/6\/revisions\/705"}],"wp:attachment":[{"href":"https:\/\/finatem.com\/en\/wp-json\/wp\/v2\/media?parent=6"}],"curies":[{"name":"wp","href":"https:\/\/api.w.org\/{rel}","templated":true}]}}